{"id":812,"date":"2024-09-09T16:27:02","date_gmt":"2024-09-09T15:27:02","guid":{"rendered":"https:\/\/dlewis.ch\/?page_id=812"},"modified":"2024-09-16T12:08:58","modified_gmt":"2024-09-16T11:08:58","slug":"about-me","status":"publish","type":"page","link":"https:\/\/dlewis.ch\/","title":{"rendered":"About Me"},"content":{"rendered":"\t\t<div data-elementor-type=\"wp-page\" data-elementor-id=\"812\" class=\"elementor elementor-812\" data-elementor-post-type=\"page\">\n\t\t\t\t<div class=\"elementor-element elementor-element-52f5356 e-con-full e-flex e-con e-parent\" data-id=\"52f5356\" data-element_type=\"container\" data-e-type=\"container\">\n\t\t<div class=\"elementor-element elementor-element-c6fce59 e-con-full e-flex e-con e-child\" data-id=\"c6fce59\" data-element_type=\"container\" data-e-type=\"container\">\n\t\t\t\t<div class=\"elementor-element elementor-element-bfa6914 elementor-widget-divider--view-line elementor-widget elementor-widget-divider\" data-id=\"bfa6914\" data-element_type=\"widget\" data-e-type=\"widget\" data-widget_type=\"divider.default\">\n\t\t\t\t<div class=\"elementor-widget-container\">\n\t\t\t\t\t\t\t<div class=\"elementor-divider\">\n\t\t\t<span class=\"elementor-divider-separator\">\n\t\t\t\t\t\t<\/span>\n\t\t<\/div>\n\t\t\t\t\t\t<\/div>\n\t\t\t\t<\/div>\n\t\t\t\t<\/div>\n\t\t<div class=\"elementor-element elementor-element-a7626e6 e-con-full e-flex e-con e-child\" data-id=\"a7626e6\" data-element_type=\"container\" data-e-type=\"container\">\n\t\t\t\t<div class=\"elementor-element elementor-element-b9de7ff elementor-widget elementor-widget-envo-extra-heading\" data-id=\"b9de7ff\" data-element_type=\"widget\" data-e-type=\"widget\" data-widget_type=\"envo-extra-heading.default\">\n\t\t\t\t<div class=\"elementor-widget-container\">\n\t\t\t\t\t\r\n\t\t<div class=\"envo-extra-heading-wrapper envo-extra-simple-heading-wrapper\">\r\n\t\t\t<h2 class=\"envo-extra-heading-title\"> <span class=\"envo-extra-title-focus\">mein<\/span> name<\/h2>\t\t<\/div>\r\n\t\t\t\t\t\t<\/div>\n\t\t\t\t<\/div>\n\t\t\t\t<\/div>\n\t\t<div class=\"elementor-element elementor-element-f2ac852 e-con-full e-flex e-con e-child\" data-id=\"f2ac852\" data-element_type=\"container\" data-e-type=\"container\">\n\t\t\t\t<div class=\"elementor-element elementor-element-2cf47e4 elementor-widget-divider--view-line elementor-widget elementor-widget-divider\" data-id=\"2cf47e4\" data-element_type=\"widget\" data-e-type=\"widget\" data-widget_type=\"divider.default\">\n\t\t\t\t<div class=\"elementor-widget-container\">\n\t\t\t\t\t\t\t<div class=\"elementor-divider\">\n\t\t\t<span class=\"elementor-divider-separator\">\n\t\t\t\t\t\t<\/span>\n\t\t<\/div>\n\t\t\t\t\t\t<\/div>\n\t\t\t\t<\/div>\n\t\t\t\t<\/div>\n\t\t\t\t<\/div>\n\t\t<div class=\"elementor-element elementor-element-4c60f64 e-con-full e-flex e-con e-parent\" data-id=\"4c60f64\" data-element_type=\"container\" data-e-type=\"container\">\n\t\t<div class=\"elementor-element elementor-element-086165b e-con-full e-flex e-con e-child\" data-id=\"086165b\" data-element_type=\"container\" data-e-type=\"container\">\n\t\t\t\t<div class=\"elementor-element elementor-element-13bc329 elementor-widget elementor-widget-envo-extra-heading\" data-id=\"13bc329\" data-element_type=\"widget\" data-e-type=\"widget\" data-widget_type=\"envo-extra-heading.default\">\n\t\t\t\t<div class=\"elementor-widget-container\">\n\t\t\t\t\t\r\n\t\t<div class=\"envo-extra-heading-wrapper envo-extra-simple-heading-wrapper\">\r\n\t\t\t<h2 class=\"envo-extra-heading-title\"> <span class=\"envo-extra-title-focus\">d.<\/span> lewis<\/h2>\t\t<\/div>\r\n\t\t\t\t\t\t<\/div>\n\t\t\t\t<\/div>\n\t\t\t\t<\/div>\n\t\t\t\t<\/div>\n\t\t<div class=\"elementor-element elementor-element-28d7392 e-flex e-con-boxed e-con e-parent\" data-id=\"28d7392\" data-element_type=\"container\" data-e-type=\"container\">\n\t\t\t\t\t<div class=\"e-con-inner\">\n\t\t\t\t<div class=\"elementor-element elementor-element-fa60a7b elementor-widget elementor-widget-text-editor\" data-id=\"fa60a7b\" data-element_type=\"widget\" data-e-type=\"widget\" data-widget_type=\"text-editor.default\">\n\t\t\t\t<div class=\"elementor-widget-container\">\n\t\t\t\t\t\t\t\t\t<p>Geboren am 23. November 1981 im Kanton Z\u00fcrich, entdeckte ich schon fr\u00fch die Magie der Musik &#8211; beim lauten Singen im Auto mit meiner Mutter. Mit sechs Jahren begann ich Klavier zu spielen und mit 13 Jahren legte ich als Deejay an Silvesterpartys in der Schule und im Jugendtreff auf.<\/p><p>Was als Hobby begann, wurde zu einer leidenschaftlichen Berufung. Die perkussiven Rhythmen meiner s\u00fcditalienischen Wurzeln f\u00fchrten mich zum Afro Touch und Afro House, Classic House und Disco sind meine musikalischen Spielwiesen.<\/p><p>Seit 2018 bin ich Teil des Labels Audiobox und habe auf grossen B\u00fchnen wie der Street Parade und dem Z\u00fcrich Openair sowie in Z\u00fcrcher Clubs (Mascotte Club, Plaza Club, Bellevue Club und Supermarkt) aufgelegt. Zudem spiele ich regelm\u00e4ssig im Restaurant Sch\u00fctzengasse und an Hochzeiten und Firmenanl\u00e4ssen.<\/p><p>Musik ist f\u00fcr mich die Antwort auf alles &#8211; es ist der Beat, der uns verbindet, der Sound, der Emotionen freisetzt und der Groove, der den Moment zum Leben erweckt.<\/p>\t\t\t\t\t\t\t\t<\/div>\n\t\t\t\t<\/div>\n\t\t\t\t\t<\/div>\n\t\t\t\t<\/div>\n\t\t<div class=\"elementor-element elementor-element-1cd9860 e-flex e-con-boxed e-con e-parent\" data-id=\"1cd9860\" data-element_type=\"container\" data-e-type=\"container\">\n\t\t\t\t\t<div class=\"e-con-inner\">\n\t\t\t\t<div class=\"elementor-element elementor-element-4c174b6 elementor-widget elementor-widget-spacer\" data-id=\"4c174b6\" data-element_type=\"widget\" data-e-type=\"widget\" data-widget_type=\"spacer.default\">\n\t\t\t\t<div class=\"elementor-widget-container\">\n\t\t\t\t\t\t\t<div class=\"elementor-spacer\">\n\t\t\t<div class=\"elementor-spacer-inner\"><\/div>\n\t\t<\/div>\n\t\t\t\t\t\t<\/div>\n\t\t\t\t<\/div>\n\t\t\t\t\t<\/div>\n\t\t\t\t<\/div>\n\t\t<div class=\"elementor-element elementor-element-cffc1cd e-flex e-con-boxed e-con e-parent\" data-id=\"cffc1cd\" data-element_type=\"container\" data-e-type=\"container\">\n\t\t\t\t\t<div class=\"e-con-inner\">\n\t\t\t\t<div class=\"elementor-element elementor-element-d50260c elementor-widget elementor-widget-audio\" data-id=\"d50260c\" data-element_type=\"widget\" data-e-type=\"widget\" data-widget_type=\"audio.default\">\n\t\t\t\t<div class=\"elementor-widget-container\">\n\t\t\t\t\t\t\t\t<div class=\"elementor-soundcloud-wrapper\">\n\t\t\t\t<iframe width=\"800\" height=\"450\" frameborder=\"no\" src=\"https:\/\/w.soundcloud.com\/player\/?visual=false&#038;url=https%3A%2F%2Fapi.soundcloud.com%2Fusers%2F6740180&#038;show_artwork=true&#038;maxheight=1000&#038;maxwidth=800&#038;auto_play=false&#038;buying=false&#038;liking=false&#038;download=false&#038;sharing=false&#038;show_comments=false&#038;show_playcount=false&#038;show_user=true&#038;color\"><\/iframe>\t\t\t<\/div>\n\t\t\t\t\t\t\t<\/div>\n\t\t\t\t<\/div>\n\t\t\t\t\t<\/div>\n\t\t\t\t<\/div>\n\t\t<div class=\"elementor-element elementor-element-32db803 e-flex e-con-boxed e-con e-parent\" data-id=\"32db803\" data-element_type=\"container\" data-e-type=\"container\">\n\t\t\t\t\t<div class=\"e-con-inner\">\n\t\t\t\t<div class=\"elementor-element elementor-element-4c3d977 elementor-widget elementor-widget-spacer\" data-id=\"4c3d977\" data-element_type=\"widget\" data-e-type=\"widget\" data-widget_type=\"spacer.default\">\n\t\t\t\t<div class=\"elementor-widget-container\">\n\t\t\t\t\t\t\t<div class=\"elementor-spacer\">\n\t\t\t<div class=\"elementor-spacer-inner\"><\/div>\n\t\t<\/div>\n\t\t\t\t\t\t<\/div>\n\t\t\t\t<\/div>\n\t\t\t\t\t<\/div>\n\t\t\t\t<\/div>\n\t\t\t\t<\/div>\n\t\t","protected":false},"excerpt":{"rendered":"<p>mein name d. lewis Geboren am 23. November 1981 im Kanton Z\u00fcrich, entdeckte ich schon fr\u00fch die Magie der Musik &#8211; beim lauten Singen im Auto mit meiner Mutter. Mit sechs Jahren begann ich Klavier zu spielen und mit 13 Jahren legte ich als Deejay an Silvesterpartys in der Schule und im Jugendtreff auf. Was [&hellip;]<\/p>\n","protected":false},"author":1,"featured_media":0,"parent":0,"menu_order":0,"comment_status":"closed","ping_status":"closed","template":"","meta":{"footnotes":""},"class_list":["post-812","page","type-page","status-publish","hentry"],"_links":{"self":[{"href":"https:\/\/dlewis.ch\/index.php?rest_route=\/wp\/v2\/pages\/812","targetHints":{"allow":["GET"]}}],"collection":[{"href":"https:\/\/dlewis.ch\/index.php?rest_route=\/wp\/v2\/pages"}],"about":[{"href":"https:\/\/dlewis.ch\/index.php?rest_route=\/wp\/v2\/types\/page"}],"author":[{"embeddable":true,"href":"https:\/\/dlewis.ch\/index.php?rest_route=\/wp\/v2\/users\/1"}],"replies":[{"embeddable":true,"href":"https:\/\/dlewis.ch\/index.php?rest_route=%2Fwp%2Fv2%2Fcomments&post=812"}],"version-history":[{"count":0,"href":"https:\/\/dlewis.ch\/index.php?rest_route=\/wp\/v2\/pages\/812\/revisions"}],"wp:attachment":[{"href":"https:\/\/dlewis.ch\/index.php?rest_route=%2Fwp%2Fv2%2Fmedia&parent=812"}],"curies":[{"name":"wp","href":"https:\/\/api.w.org\/{rel}","templated":true}]}}